{"id":5861,"date":"2020-04-18T09:59:58","date_gmt":"2020-04-18T07:59:58","guid":{"rendered":"https:\/\/cdsanmarcialirun.com\/2018-2019-denboraldia\/"},"modified":"2020-04-19T14:00:30","modified_gmt":"2020-04-19T12:00:30","slug":"2018-2019-denboraldia","status":"publish","type":"page","link":"https:\/\/cdsanmarcialirun.com\/eu\/2018-2019-denboraldia\/","title":{"rendered":"2018\/2019 Denboraldia"},"content":{"rendered":"<p>[vc_row][vc_column]<h3 class=\"heading \" style=\"font-weight:;font-style:;color:#dd9933;\">2018\/2019 Denboraldia<\/h3><div id=\"ultimate-heading-964869d28a852bd57\" class=\"uvc-heading ult-adjust-bottom-margin ultimate-heading-964869d28a852bd57 uvc-7468 \" data-hspacer=\"no_spacer\"  data-halign=\"center\" style=\"text-align:center\"><div class=\"uvc-heading-spacer no_spacer\" style=\"top\"><\/div><div class=\"uvc-sub-heading ult-responsive\"  data-ultimate-target='.uvc-heading.ultimate-heading-964869d28a852bd57 .uvc-sub-heading '  data-responsive-json-new='{\"font-size\":\"\",\"line-height\":\"\"}'  style=\"font-weight:normal;\"><\/p>\n<h2 style=\"text-align: center;\"><strong>Entrenatzaileak<\/strong><\/h2>\n<p><\/div><\/div>[vc_empty_space height=&#8221;50px&#8221;][\/vc_column][\/vc_row][vc_row css=&#8221;.vc_custom_1552655378371{padding-right: 50px !important;padding-left: 50px !important;}&#8221;][vc_column width=&#8221;1\/2&#8243;][vc_column_text]<strong>Federatuen Koordinatzaileak:\u00a0<\/strong><\/p>\n<ul>\n<li>Sergio Fraile<\/li>\n<li>Carlos Isarch<\/li>\n<\/ul>\n<p>&nbsp;<\/p>\n<p><strong>Futbol Eskolako Kordiatzaileak:<\/strong><\/p>\n<ul>\n<li>David Ruiz<\/li>\n<li>Iban G\u00f3mez<\/li>\n<\/ul>\n<p>&nbsp;<\/p>\n<p><strong>Entrenatzaileak<\/strong><\/p>\n<ul>\n<li><strong>A Jubenila :<\/strong> Javier Alvarez Perez, Antxon Dom\u00ednguez, Oskar<\/li>\n<li><strong>B Jubenila:<\/strong> Luis Osma, Pablo D\u00e1vila, Kiko Pavon, Jonathan Izquierdo.<\/li>\n<li><strong>A Kadetea:<\/strong> Gorka Pablos Gonz\u00e1lez, Javier Ramajo<\/li>\n<li><strong>B Kadetea:<\/strong> Alex Fraile, Manu, Eneko Alzuri<\/li>\n<li><strong>Lehen\u00a0Infantil\u00a0<\/strong> Aitor Cuevas, Carlos Isarch<\/li>\n<li><strong>Infantil Txiki:<\/strong> Jose Antonio Salguero, Luis Da Silva<\/li>\n<li><strong>Alebin:<\/strong> Pablo D\u00e1vila, Markel Garc\u00eda<\/li>\n<\/ul>\n<p>[\/vc_column_text][\/vc_column][vc_column width=&#8221;1\/2&#8243;][vc_column_text]<strong>Futbol Eskola:<\/strong><\/p>\n<ul>\n<li>Porfirio Velado<\/li>\n<li>Luis Torrado<\/li>\n<li>I\u00f1aki Sirvent<\/li>\n<li>Cesar Garc\u00eda<\/li>\n<li>Ioritz Lopez<\/li>\n<li>Iker Espie<\/li>\n<li>Kevin Dorado<\/li>\n<li>David Ruiz<\/li>\n<li>Unax Irazusta<\/li>\n<li>Borja Lizarraga<\/li>\n<li>Mikel Aldako<\/li>\n<li>Martin Montero<\/li>\n<li>Levi B\u00e1torfi<\/li>\n<li>Erik Berruet<\/li>\n<li>Alvaro Bravo<\/li>\n<li>Xabier Diaz<\/li>\n<\/ul>\n<p>[\/vc_column_text][\/vc_column][\/vc_row][vc_row][vc_column][\/vc_column][\/vc_row][vc_row][vc_column][\/vc_column][\/vc_row][vc_row][vc_column][\/vc_column][\/vc_row][vc_row][vc_column width=&#8221;1\/2&#8243;]<h4 class=\"heading \" style=\"font-weight:;font-style:;color:#000000;\">Juvenil A<\/h4>[vc_single_image image=&#8221;5647&#8243; img_size=&#8221;large&#8221; alignment=&#8221;center&#8221; onclick=&#8221;img_link_large&#8221;]<h4 class=\"heading \" style=\"font-weight:;font-style:;color:#000000;\">Juvenil B<\/h4>[vc_single_image image=&#8221;5626&#8243; img_size=&#8221;large&#8221; alignment=&#8221;center&#8221; onclick=&#8221;img_link_large&#8221;]<h4 class=\"heading \" style=\"font-weight:;font-style:;color:#000000;\">Cadete A<\/h4>[vc_single_image image=&#8221;5626&#8243; img_size=&#8221;large&#8221; alignment=&#8221;center&#8221; onclick=&#8221;img_link_large&#8221;]<h4 class=\"heading \" style=\"font-weight:;font-style:;color:#000000;\">Cadete B<\/h4>[vc_single_image image=&#8221;5644&#8243; img_size=&#8221;large&#8221; alignment=&#8221;center&#8221; onclick=&#8221;img_link_large&#8221;]<h4 class=\"heading \" style=\"font-weight:;font-style:;color:#000000;\">1ra Infantil<\/h4>[vc_single_image image=&#8221;5572&#8243; img_size=&#8221;large&#8221; alignment=&#8221;center&#8221; onclick=&#8221;img_link_large&#8221;][\/vc_column][vc_column width=&#8221;1\/2&#8243;]<h4 class=\"heading \" style=\"font-weight:;font-style:;color:#000000;\">Infantil Txiki<\/h4>[vc_single_image image=&#8221;5571&#8243; img_size=&#8221;large&#8221; alignment=&#8221;center&#8221; onclick=&#8221;img_link_large&#8221;]<h4 class=\"heading \" style=\"font-weight:;font-style:;color:#000000;\">Alevin 2do A\u00f1o Rendimiento (2007)<\/h4>[vc_single_image image=&#8221;5570&#8243; img_size=&#8221;large&#8221; alignment=&#8221;center&#8221; onclick=&#8221;img_link_large&#8221;]<h4 class=\"heading \" style=\"font-weight:;font-style:;color:#000000;\">Alevines 2do A\u00f1o 2008<\/h4>[vc_single_image image=&#8221;5612&#8243; img_size=&#8221;large&#8221; alignment=&#8221;center&#8221; onclick=&#8221;img_link_large&#8221;]<h4 class=\"heading \" style=\"font-weight:;font-style:;color:#000000;\">Benjamines 2do A\u00f1o 2009<\/h4>[vc_single_image image=&#8221;5613&#8243; img_size=&#8221;large&#8221; alignment=&#8221;center&#8221; onclick=&#8221;img_link_large&#8221;]<h4 class=\"heading \" style=\"font-weight:;font-style:;color:#000000;\">Benjamines 1er A\u00f1o 2010<\/h4>[vc_single_image image=&#8221;5614&#8243; img_size=&#8221;large&#8221; alignment=&#8221;center&#8221; onclick=&#8221;img_link_large&#8221;][\/vc_column][\/vc_row]<\/p>\n","protected":false},"excerpt":{"rendered":"<p>[vc_row][vc_column][vc_empty_space height=&#8221;50px&#8221;][\/vc_column][\/vc_row][vc_row css=&#8221;.vc_custom_1552655378371{padding-right: 50px !important;padding-left: 50px !important;}&#8221;][vc_column width=&#8221;1\/2&#8243;][vc_column_text]Federatuen Koordinatzaileak:\u00a0 Sergio Fraile Carlos Isarch &nbsp; Futbol Eskolako Kordiatzaileak: David Ruiz Iban G\u00f3mez &nbsp; Entrenatzaileak A Jubenila : Javier Alvarez Perez, Antxon Dom\u00ednguez, Oskar B Jubenila: Luis Osma, Pablo D\u00e1vila, Kiko Pavon, Jonathan Izquierdo. A Kadetea: Gorka Pablos Gonz\u00e1lez, Javier Ramajo B Kadetea: Alex Fraile, Manu, Eneko Alzuri Lehen\u00a0Infantil\u00a0 Aitor Cuevas, Carlos Isarch Infantil Txiki: Jose Antonio Salguero, Luis Da Silva Alebin: Pablo D\u00e1vila, Markel Garc\u00eda [\/vc_column_text][\/vc_column][vc_column width=&#8221;1\/2&#8243;][vc_column_text]Futbol Eskola: Porfirio Velado Luis Torrado I\u00f1aki Sirvent Cesar Garc\u00eda Ioritz Lopez Iker Espie Kevin Dorado David Ruiz Unax Irazusta Borja Lizarraga Mikel Aldako Martin<a class=\"read-more\" href=\"https:\/\/cdsanmarcialirun.com\/eu\/2018-2019-denboraldia\/\">&#8230;<\/a><\/p>\n","protected":false},"author":1,"featured_media":0,"parent":0,"menu_order":0,"comment_status":"closed","ping_status":"closed","template":"","meta":{"footnotes":""},"class_list":["post-5861","page","type-page","status-publish","hentry"],"_links":{"self":[{"href":"https:\/\/cdsanmarcialirun.com\/eu\/wp-json\/wp\/v2\/pages\/5861","targetHints":{"allow":["GET"]}}],"collection":[{"href":"https:\/\/cdsanmarcialirun.com\/eu\/wp-json\/wp\/v2\/pages"}],"about":[{"href":"https:\/\/cdsanmarcialirun.com\/eu\/wp-json\/wp\/v2\/types\/page"}],"author":[{"embeddable":true,"href":"https:\/\/cdsanmarcialirun.com\/eu\/wp-json\/wp\/v2\/users\/1"}],"replies":[{"embeddable":true,"href":"https:\/\/cdsanmarcialirun.com\/eu\/wp-json\/wp\/v2\/comments?post=5861"}],"version-history":[{"count":7,"href":"https:\/\/cdsanmarcialirun.com\/eu\/wp-json\/wp\/v2\/pages\/5861\/revisions"}],"predecessor-version":[{"id":6082,"href":"https:\/\/cdsanmarcialirun.com\/eu\/wp-json\/wp\/v2\/pages\/5861\/revisions\/6082"}],"wp:attachment":[{"href":"https:\/\/cdsanmarcialirun.com\/eu\/wp-json\/wp\/v2\/media?parent=5861"}],"curies":[{"name":"wp","href":"https:\/\/api.w.org\/{rel}","templated":true}]}}