{"id":5912,"date":"2020-04-18T10:28:22","date_gmt":"2020-04-18T08:28:22","guid":{"rendered":"https:\/\/cdsanmarcialirun.com\/b-jubenila-2018-2019\/"},"modified":"2020-04-18T10:28:22","modified_gmt":"2020-04-18T08:28:22","slug":"b-jubenila-2018-2019","status":"publish","type":"page","link":"https:\/\/cdsanmarcialirun.com\/eu\/b-jubenila-2018-2019\/","title":{"rendered":"B. Jubenila 2018\/2019"},"content":{"rendered":"<p>[vc_row][vc_column][vc_column_text]<\/p>\n<h1 style=\"text-align: center;\">JOKALARIAK<\/h1>\n<p>[\/vc_column_text][\/vc_column][\/vc_row][vc_row][vc_column width=&#8221;1\/3&#8243;][vc_column_text]<\/p>\n<table>\n<tbody>\n<tr>\n<td><span style=\"font-weight: 400;\">ARCELUS SAUCE, EKAITZ<\/span><\/td>\n<\/tr>\n<tr>\n<td><span style=\"font-weight: 400;\">ARTETXE DE LA SOTA, MIKEL<\/span><\/td>\n<\/tr>\n<tr>\n<td><span style=\"font-weight: 400;\">BERRUET SERRANO, ERIK<\/span><\/td>\n<\/tr>\n<tr>\n<td><span style=\"font-weight: 400;\">BRAVO GAMO, ALVARO<\/span><\/td>\n<\/tr>\n<tr>\n<td><span style=\"font-weight: 400;\">CAJO VEGA, ENDIKA<\/span><\/td>\n<\/tr>\n<tr>\n<td><span style=\"font-weight: 400;\">CARRASCOSO C\u00c9SPEDES, BE\u00d1AT <\/span><\/td>\n<\/tr>\n<tr>\n<td><span style=\"font-weight: 400;\">DIAZ LOPEZ, XABIER <\/span><\/td>\n<\/tr>\n<\/tbody>\n<\/table>\n<p>[\/vc_column_text][\/vc_column][vc_column width=&#8221;1\/3&#8243;][vc_column_text]<\/p>\n<table>\n<tbody>\n<tr>\n<td><span style=\"font-weight: 400;\">FONTAO JIMENEZ, MARIO<\/span><\/td>\n<\/tr>\n<tr>\n<td><span style=\"font-weight: 400;\">GARC\u00cdA GARC\u00cdA, IKER <\/span><\/td>\n<\/tr>\n<tr>\n<td><span style=\"font-weight: 400;\">GRAO GONZALEZ, JON PABLO<\/span><\/td>\n<\/tr>\n<tr>\n<td><span style=\"font-weight: 400;\">MEDIAVILLA MARTIN, MARKEL <\/span><\/td>\n<\/tr>\n<tr>\n<td><span style=\"font-weight: 400;\">PAREDES AMORORTU, XABIER<\/span><\/td>\n<\/tr>\n<tr>\n<td><span style=\"font-weight: 400;\">SALAS CARDE\u00d1OSO, ENEKO<\/span><\/td>\n<\/tr>\n<\/tbody>\n<\/table>\n<p>[\/vc_column_text][\/vc_column][vc_column width=&#8221;1\/3&#8243;][vc_column_text]<\/p>\n<table>\n<tbody>\n<tr>\n<td><span style=\"font-weight: 400;\">SANCHEZ VIANA, JON<\/span><\/td>\n<\/tr>\n<tr>\n<td><span style=\"font-weight: 400;\">SILVA ALONSO, RAUL <\/span><\/td>\n<\/tr>\n<tr>\n<td><span style=\"font-weight: 400;\">TERAN ARRUABARRENA, MIKEL <\/span><\/td>\n<\/tr>\n<tr>\n<td><span style=\"font-weight: 400;\">TERUEL ROSILLO, ADRIAN<\/span><\/td>\n<\/tr>\n<tr>\n<td><span style=\"font-weight: 400;\">VILLAFRANCA ARCE, AIMAR <\/span><\/td>\n<\/tr>\n<\/tbody>\n<\/table>\n<p>[\/vc_column_text][\/vc_column][\/vc_row][vc_row][vc_column width=&#8221;1\/2&#8243;][vc_column_text]<\/p>\n<h1 style=\"text-align: center;\">ENTRENATZAILEAK<\/h1>\n<p>[\/vc_column_text][\/vc_column][vc_column width=&#8221;1\/2&#8243;][vc_column_text]LUIS OSMA<\/p>\n<p>PABLO D\u00c1VILA[\/vc_column_text][\/vc_column][\/vc_row][vc_row][vc_column][vc_single_image image=&#8221;5626&#8243; img_size=&#8221;full&#8221; alignment=&#8221;center&#8221; onclick=&#8221;img_link_large&#8221;][\/vc_column][\/vc_row][vc_row][vc_column]<section class=\"sponsors\">\n                    <ul class=\"client clearfix\"><li><img loading=\"lazy\" decoding=\"async\" width=\"228\" height=\"228\" data-src=\"https:\/\/cdsanmarcialirun.com\/wp-content\/uploads\/2017\/05\/TUCARNET-400X400.png\" class=\"attachment-soccerclub-sponsors-thumbnail size-soccerclub-sponsors-thumbnail lazyload\" alt=\"\" data-srcset=\"https:\/\/cdsanmarcialirun.com\/wp-content\/uploads\/2017\/05\/TUCARNET-400X400.png 400w, https:\/\/cdsanmarcialirun.com\/wp-content\/uploads\/2017\/05\/TUCARNET-400X400-300x300.png 300w, https:\/\/cdsanmarcialirun.com\/wp-content\/uploads\/2017\/05\/TUCARNET-400X400-100x100.png 100w\" data-sizes=\"auto, (max-width: 228px) 100vw, 228px\" src=\"data:image\/gif;base64,R0lGODlhAQABAAAAACH5BAEKAAEALAAAAAABAAEAAAICTAEAOw==\" style=\"--smush-placeholder-width: 228px; --smush-placeholder-aspect-ratio: 228\/228;\" \/><noscript><img loading=\"lazy\" decoding=\"async\" width=\"228\" height=\"228\" src=\"https:\/\/cdsanmarcialirun.com\/wp-content\/uploads\/2017\/05\/TUCARNET-400X400.png\" class=\"attachment-soccerclub-sponsors-thumbnail size-soccerclub-sponsors-thumbnail\" alt=\"\" srcset=\"https:\/\/cdsanmarcialirun.com\/wp-content\/uploads\/2017\/05\/TUCARNET-400X400.png 400w, https:\/\/cdsanmarcialirun.com\/wp-content\/uploads\/2017\/05\/TUCARNET-400X400-300x300.png 300w, https:\/\/cdsanmarcialirun.com\/wp-content\/uploads\/2017\/05\/TUCARNET-400X400-100x100.png 100w\" sizes=\"auto, (max-width: 228px) 100vw, 228px\" \/><\/noscript><\/li><li><img loading=\"lazy\" decoding=\"async\" width=\"228\" height=\"228\" data-src=\"https:\/\/cdsanmarcialirun.com\/wp-content\/uploads\/2017\/05\/GAHER-400X400.png\" class=\"attachment-soccerclub-sponsors-thumbnail size-soccerclub-sponsors-thumbnail lazyload\" alt=\"\" data-srcset=\"https:\/\/cdsanmarcialirun.com\/wp-content\/uploads\/2017\/05\/GAHER-400X400.png 400w, https:\/\/cdsanmarcialirun.com\/wp-content\/uploads\/2017\/05\/GAHER-400X400-300x300.png 300w, https:\/\/cdsanmarcialirun.com\/wp-content\/uploads\/2017\/05\/GAHER-400X400-100x100.png 100w\" data-sizes=\"auto, (max-width: 228px) 100vw, 228px\" src=\"data:image\/gif;base64,R0lGODlhAQABAAAAACH5BAEKAAEALAAAAAABAAEAAAICTAEAOw==\" style=\"--smush-placeholder-width: 228px; --smush-placeholder-aspect-ratio: 228\/228;\" \/><noscript><img loading=\"lazy\" decoding=\"async\" width=\"228\" height=\"228\" src=\"https:\/\/cdsanmarcialirun.com\/wp-content\/uploads\/2017\/05\/GAHER-400X400.png\" class=\"attachment-soccerclub-sponsors-thumbnail size-soccerclub-sponsors-thumbnail\" alt=\"\" srcset=\"https:\/\/cdsanmarcialirun.com\/wp-content\/uploads\/2017\/05\/GAHER-400X400.png 400w, https:\/\/cdsanmarcialirun.com\/wp-content\/uploads\/2017\/05\/GAHER-400X400-300x300.png 300w, https:\/\/cdsanmarcialirun.com\/wp-content\/uploads\/2017\/05\/GAHER-400X400-100x100.png 100w\" sizes=\"auto, (max-width: 228px) 100vw, 228px\" \/><\/noscript><\/li><li><img loading=\"lazy\" decoding=\"async\" width=\"228\" height=\"228\" data-src=\"https:\/\/cdsanmarcialirun.com\/wp-content\/uploads\/2017\/05\/ILCAPO-400X400.png\" class=\"attachment-soccerclub-sponsors-thumbnail size-soccerclub-sponsors-thumbnail lazyload\" alt=\"\" data-srcset=\"https:\/\/cdsanmarcialirun.com\/wp-content\/uploads\/2017\/05\/ILCAPO-400X400.png 400w, https:\/\/cdsanmarcialirun.com\/wp-content\/uploads\/2017\/05\/ILCAPO-400X400-300x300.png 300w, https:\/\/cdsanmarcialirun.com\/wp-content\/uploads\/2017\/05\/ILCAPO-400X400-100x100.png 100w\" data-sizes=\"auto, (max-width: 228px) 100vw, 228px\" src=\"data:image\/gif;base64,R0lGODlhAQABAAAAACH5BAEKAAEALAAAAAABAAEAAAICTAEAOw==\" style=\"--smush-placeholder-width: 228px; --smush-placeholder-aspect-ratio: 228\/228;\" \/><noscript><img loading=\"lazy\" decoding=\"async\" width=\"228\" height=\"228\" src=\"https:\/\/cdsanmarcialirun.com\/wp-content\/uploads\/2017\/05\/ILCAPO-400X400.png\" class=\"attachment-soccerclub-sponsors-thumbnail size-soccerclub-sponsors-thumbnail\" alt=\"\" srcset=\"https:\/\/cdsanmarcialirun.com\/wp-content\/uploads\/2017\/05\/ILCAPO-400X400.png 400w, https:\/\/cdsanmarcialirun.com\/wp-content\/uploads\/2017\/05\/ILCAPO-400X400-300x300.png 300w, https:\/\/cdsanmarcialirun.com\/wp-content\/uploads\/2017\/05\/ILCAPO-400X400-100x100.png 100w\" sizes=\"auto, (max-width: 228px) 100vw, 228px\" \/><\/noscript><\/li><li><img loading=\"lazy\" decoding=\"async\" width=\"228\" height=\"228\" data-src=\"https:\/\/cdsanmarcialirun.com\/wp-content\/uploads\/2017\/05\/F.-CASADO-400X400.png\" class=\"attachment-soccerclub-sponsors-thumbnail size-soccerclub-sponsors-thumbnail lazyload\" alt=\"\" data-srcset=\"https:\/\/cdsanmarcialirun.com\/wp-content\/uploads\/2017\/05\/F.-CASADO-400X400.png 400w, https:\/\/cdsanmarcialirun.com\/wp-content\/uploads\/2017\/05\/F.-CASADO-400X400-300x300.png 300w, https:\/\/cdsanmarcialirun.com\/wp-content\/uploads\/2017\/05\/F.-CASADO-400X400-100x100.png 100w\" data-sizes=\"auto, (max-width: 228px) 100vw, 228px\" src=\"data:image\/gif;base64,R0lGODlhAQABAAAAACH5BAEKAAEALAAAAAABAAEAAAICTAEAOw==\" style=\"--smush-placeholder-width: 228px; --smush-placeholder-aspect-ratio: 228\/228;\" \/><noscript><img loading=\"lazy\" decoding=\"async\" width=\"228\" height=\"228\" src=\"https:\/\/cdsanmarcialirun.com\/wp-content\/uploads\/2017\/05\/F.-CASADO-400X400.png\" class=\"attachment-soccerclub-sponsors-thumbnail size-soccerclub-sponsors-thumbnail\" alt=\"\" srcset=\"https:\/\/cdsanmarcialirun.com\/wp-content\/uploads\/2017\/05\/F.-CASADO-400X400.png 400w, https:\/\/cdsanmarcialirun.com\/wp-content\/uploads\/2017\/05\/F.-CASADO-400X400-300x300.png 300w, https:\/\/cdsanmarcialirun.com\/wp-content\/uploads\/2017\/05\/F.-CASADO-400X400-100x100.png 100w\" sizes=\"auto, (max-width: 228px) 100vw, 228px\" \/><\/noscript><\/li><li><img loading=\"lazy\" decoding=\"async\" width=\"228\" height=\"228\" data-src=\"https:\/\/cdsanmarcialirun.com\/wp-content\/uploads\/2017\/05\/URGAIN-400X400-.png\" class=\"attachment-soccerclub-sponsors-thumbnail size-soccerclub-sponsors-thumbnail lazyload\" alt=\"\" data-srcset=\"https:\/\/cdsanmarcialirun.com\/wp-content\/uploads\/2017\/05\/URGAIN-400X400-.png 400w, https:\/\/cdsanmarcialirun.com\/wp-content\/uploads\/2017\/05\/URGAIN-400X400--300x300.png 300w, https:\/\/cdsanmarcialirun.com\/wp-content\/uploads\/2017\/05\/URGAIN-400X400--100x100.png 100w\" data-sizes=\"auto, (max-width: 228px) 100vw, 228px\" src=\"data:image\/gif;base64,R0lGODlhAQABAAAAACH5BAEKAAEALAAAAAABAAEAAAICTAEAOw==\" style=\"--smush-placeholder-width: 228px; --smush-placeholder-aspect-ratio: 228\/228;\" \/><noscript><img loading=\"lazy\" decoding=\"async\" width=\"228\" height=\"228\" src=\"https:\/\/cdsanmarcialirun.com\/wp-content\/uploads\/2017\/05\/URGAIN-400X400-.png\" class=\"attachment-soccerclub-sponsors-thumbnail size-soccerclub-sponsors-thumbnail\" alt=\"\" srcset=\"https:\/\/cdsanmarcialirun.com\/wp-content\/uploads\/2017\/05\/URGAIN-400X400-.png 400w, https:\/\/cdsanmarcialirun.com\/wp-content\/uploads\/2017\/05\/URGAIN-400X400--300x300.png 300w, https:\/\/cdsanmarcialirun.com\/wp-content\/uploads\/2017\/05\/URGAIN-400X400--100x100.png 100w\" sizes=\"auto, (max-width: 228px) 100vw, 228px\" \/><\/noscript><\/li>  <\/ul>\n                  <\/section>[vc_single_image image=&#8221;5575&#8243; img_size=&#8221;full&#8221; alignment=&#8221;center&#8221; onclick=&#8221;custom_link&#8221; css_animation=&#8221;bounceIn&#8221; title=&#8221;LEHIAKETAK&#8221; link=&#8221;http:\/\/www.kirolak.net\/es\/competiciones.asp?deporte=futbol&amp;deportetmp=futbol&amp;qref=356&amp;qcat=282&#8243;][\/vc_column][\/vc_row][vc_row][vc_column][\/vc_column][\/vc_row]<\/p>\n","protected":false},"excerpt":{"rendered":"<p>[vc_row][vc_column][vc_column_text] JOKALARIAK [\/vc_column_text][\/vc_column][\/vc_row][vc_row][vc_column width=&#8221;1\/3&#8243;][vc_column_text] ARCELUS SAUCE, EKAITZ ARTETXE DE LA SOTA, MIKEL BERRUET SERRANO, ERIK BRAVO GAMO, ALVARO CAJO VEGA, ENDIKA CARRASCOSO C\u00c9SPEDES, BE\u00d1AT DIAZ LOPEZ, XABIER [\/vc_column_text][\/vc_column][vc_column width=&#8221;1\/3&#8243;][vc_column_text] FONTAO JIMENEZ, MARIO GARC\u00cdA GARC\u00cdA, IKER GRAO GONZALEZ, JON PABLO MEDIAVILLA MARTIN, MARKEL PAREDES AMORORTU, XABIER SALAS CARDE\u00d1OSO, ENEKO [\/vc_column_text][\/vc_column][vc_column width=&#8221;1\/3&#8243;][vc_column_text] SANCHEZ VIANA, JON SILVA ALONSO, RAUL TERAN ARRUABARRENA, MIKEL TERUEL ROSILLO, ADRIAN VILLAFRANCA ARCE, AIMAR [\/vc_column_text][\/vc_column][\/vc_row][vc_row][vc_column width=&#8221;1\/2&#8243;][vc_column_text] ENTRENATZAILEAK [\/vc_column_text][\/vc_column][vc_column width=&#8221;1\/2&#8243;][vc_column_text]LUIS OSMA PABLO D\u00c1VILA[\/vc_column_text][\/vc_column][\/vc_row][vc_row][vc_column][vc_single_image image=&#8221;5626&#8243; img_size=&#8221;full&#8221; alignment=&#8221;center&#8221; onclick=&#8221;img_link_large&#8221;][\/vc_column][\/vc_row][vc_row][vc_column][vc_single_image image=&#8221;5575&#8243; img_size=&#8221;full&#8221; alignment=&#8221;center&#8221; onclick=&#8221;custom_link&#8221; css_animation=&#8221;bounceIn&#8221; title=&#8221;LEHIAKETAK&#8221; link=&#8221;http:\/\/www.kirolak.net\/es\/competiciones.asp?deporte=futbol&amp;deportetmp=futbol&amp;qref=356&amp;qcat=282&#8243;][\/vc_column][\/vc_row][vc_row][vc_column][\/vc_column][\/vc_row]<\/p>\n","protected":false},"author":1,"featured_media":0,"parent":0,"menu_order":0,"comment_status":"closed","ping_status":"closed","template":"","meta":{"footnotes":""},"class_list":["post-5912","page","type-page","status-publish","hentry"],"_links":{"self":[{"href":"https:\/\/cdsanmarcialirun.com\/eu\/wp-json\/wp\/v2\/pages\/5912","targetHints":{"allow":["GET"]}}],"collection":[{"href":"https:\/\/cdsanmarcialirun.com\/eu\/wp-json\/wp\/v2\/pages"}],"about":[{"href":"https:\/\/cdsanmarcialirun.com\/eu\/wp-json\/wp\/v2\/types\/page"}],"author":[{"embeddable":true,"href":"https:\/\/cdsanmarcialirun.com\/eu\/wp-json\/wp\/v2\/users\/1"}],"replies":[{"embeddable":true,"href":"https:\/\/cdsanmarcialirun.com\/eu\/wp-json\/wp\/v2\/comments?post=5912"}],"version-history":[{"count":2,"href":"https:\/\/cdsanmarcialirun.com\/eu\/wp-json\/wp\/v2\/pages\/5912\/revisions"}],"predecessor-version":[{"id":5914,"href":"https:\/\/cdsanmarcialirun.com\/eu\/wp-json\/wp\/v2\/pages\/5912\/revisions\/5914"}],"wp:attachment":[{"href":"https:\/\/cdsanmarcialirun.com\/eu\/wp-json\/wp\/v2\/media?parent=5912"}],"curies":[{"name":"wp","href":"https:\/\/api.w.org\/{rel}","templated":true}]}}