{"id":5944,"date":"2020-04-18T17:45:53","date_gmt":"2020-04-18T15:45:53","guid":{"rendered":"https:\/\/cdsanmarcialirun.com\/politica-de-privacidad\/"},"modified":"2024-01-30T15:11:51","modified_gmt":"2024-01-30T14:11:51","slug":"pribatutasun-politika","status":"publish","type":"page","link":"https:\/\/cdsanmarcialirun.com\/eu\/pribatutasun-politika\/","title":{"rendered":"Pribatutasun Politika"},"content":{"rendered":"<p><strong><u>Aviso legal, condiciones de uso y pol\u00edtica de privacidad<\/u><\/strong><\/p>\n<p>&nbsp;<\/p>\n<p><strong><u>Informaci\u00f3n legal<\/u><\/strong><\/p>\n<p>&nbsp;<\/p>\n<p>En cumplimiento de la Ley 34\/2002, de 11 de julio, de Servicios de la Sociedad de la Informaci\u00f3n y de Comercio Electr\u00f3nico, le informamos que el dominio de internet <a href=\"http:\/\/www.cdsanmarcialirun.com\">www.cdsanmarcialirun.com<\/a>\u00a0 es titularidad de <strong>CLUB DEPORTIVO SAN MARCIAL<\/strong> con domicilio en Calle Prudencia Arbide n\u00ba 20, 2do Izd, 20304 Irun (Gipuzkoa),\u00a0 inscrita en el Registro de Entidades Deportivas del Pa\u00eds Vasco.<\/p>\n<p>&nbsp;<\/p>\n<ol>\n<li><strong><u>Condiciones Generales<\/u><\/strong><\/li>\n<\/ol>\n<p>&nbsp;<\/p>\n<p>CLUB DEPORTIVO SAN MARCIAL. (en adelante \u201c<strong>club<\/strong>\u201d) es un club deportivo sin \u00e1nimo de lucro cuyo objeto es la promoci\u00f3n del deporte a ni\u00f1os y ni\u00f1as, concretamente en el \u00e1mbito del f\u00fatbol. El sitio web www.cdsanmarcialirun.comi.com (en adelante \u201c<strong>el sitio web<\/strong>\u201d) es propiedad de CLUB DEPORTIVO SAN MARCIAL . El usuario accede a este sitio web de forma voluntaria. El acceso a este sitio web tiene car\u00e1cter gratuito. La navegaci\u00f3n en este sitio web implica aceptar y conocer las advertencias legales, condiciones y t\u00e9rminos de uso, pol\u00edtica de privacidad y pol\u00edtica de cookies contenidos en \u00e9l. Si el usuario no est\u00e1 de acuerdo con estas condiciones de uso y no presta su consentimiento, no podr\u00e1 hacer uso de este sitio web.<\/p>\n<p>&nbsp;<\/p>\n<p>El acceso a este sitio web, as\u00ed como el uso que pueda hacerse de la informaci\u00f3n que contiene, son de la exclusiva responsabilidad del usuario. El usuario se compromete a hacer uso del mismo de acuerdo a la finalidad del sitio web. El usuario no puede hacer un uso il\u00edcito de la informaci\u00f3n contenida en este sitio web, ni llevar a cabo acciones que puedan da\u00f1ar o alterar los sistemas inform\u00e1ticos de este sitio web. Queda prohibida la inclusi\u00f3n y comunicaci\u00f3n de contenidos, por parte de los usuarios, que sean falsos o inexactos y que induzcan o puedan inducir a error a CLUB DEPORTIVO SAN MARCIAL. o a otros usuarios o terceros. El usuario ser\u00e1 el \u00fanico responsable de los perjuicios que cause mediante la comunicaci\u00f3n de dichos datos. Queda prohibido el uso de datos personales de terceros sin su consentimiento, as\u00ed como el uso de datos identificativos de terceros con el \u00e1nimo de hacerse pasar por o fingir ser cualquier otra persona o entidad.<\/p>\n<p>&nbsp;<\/p>\n<p>CLUB DEPORTIVO SAN MARCIAL. realiza los m\u00e1ximos esfuerzos para evitar errores en los contenidos que se publican en el sitio web, reserv\u00e1ndose la facultad de poder modificarlos en cualquier momento. CLUB DEPORTIVO SAN MARCIAL. declina expresamente cualquier responsabilidad por error u omisi\u00f3n en los contenidos de este sitio web y de los da\u00f1os y perjuicios que puedan deberse a la falta de veracidad, exactitud y actualidad de los mismos.<\/p>\n<p>&nbsp;<\/p>\n<p>El sitio web puede ofrecer enlaces a otros sitios web o facilitar su acceso mediante un buscador ubicado en su sitio web. CLUB DEPORTIVO SAN MARCIAL. no asume ninguna responsabilidad en relaci\u00f3n con estos sitios enlazados, ni los resultados de las b\u00fasquedas, ya que no tiene ning\u00fan tipo de control sobre ellos, su contenido, productos y servicios ofrecidos, etc. La finalidad de estos servicios es informar al usuario de otras fuentes de informaci\u00f3n, por lo que el usuario accede bajo su exclusiva responsabilidad al contenido y en las condiciones de uso que rijan en los mismos.<\/p>\n<p>&nbsp;<\/p>\n<p>CLUB DEPORTIVO SAN MARCIAL. no se responsabilizar\u00e1 de ninguna consecuencia, da\u00f1o o perjuicio que pudieran derivarse del uso de este sitio web o de sus contenidos, incluidos da\u00f1os inform\u00e1ticos y la introducci\u00f3n de virus o cualquier tipo de malware. CLUB DEPORTIVO SAN MARCIAL. no garantiza la ausencia de virus ni de otros elementos en el sitio web, introducidos por terceros ajenos, que puedan producir alteraciones en los sistemas f\u00edsicos o l\u00f3gicos de los usuarios, pero utiliza todos los medios a su alcance para que esto no suceda.<\/p>\n<p>&nbsp;<\/p>\n<p>CLUB DEPORTIVO SAN MARCIAL. se reserva el derecho de modificar o borrar en cualquier momento, sin previo aviso y\/o justificaci\u00f3n, el dise\u00f1o, la configuraci\u00f3n y la informaci\u00f3n contenida en este sitio web, si as\u00ed lo estima oportuno. CLUB DEPORTIVO SAN MARCIAL no se hace responsable de los perjuicios que estas modificaciones puedan causar. No obstante utilizar\u00e1 los recursos que tenga a su alcance para informar a los usuarios de dichas modificaciones.<\/p>\n<p>&nbsp;<\/p>\n<ol start=\"2\">\n<li><strong><u>Propiedad intelectual e industrial<\/u><\/strong><\/li>\n<\/ol>\n<p>&nbsp;<\/p>\n<p>Los derechos de propiedad de este sitio web, de sus p\u00e1ginas, pantallas, la informaci\u00f3n que contienen, su apariencia y dise\u00f1o, fotograf\u00edas, im\u00e1genes, sus productos y servicios, marcas, logos, lemas, etc. son propiedad de CLUB DEPORTIVO SAN MARCIAL salvo que se especifique otra cosa.<\/p>\n<p>&nbsp;<\/p>\n<p>En ning\u00fan caso el acceso o navegaci\u00f3n en el sitio web implica renuncia, transmisi\u00f3n o licencia total o parcial de CLUB DEPORTIVO SAN MARCIAL. para uso personal al usuario sobre sus derechos de propiedad intelectual e industrial. La reproducci\u00f3n, distribuci\u00f3n, comercializaci\u00f3n o transformaci\u00f3n no autorizadas de estas obras constituye una infracci\u00f3n de los derechos de propiedad intelectual de CLUB DEPORTIVO SAN MARCIAL<\/p>\n<p>&nbsp;<\/p>\n<p>El usuario se compromete a no realizar ninguna acci\u00f3n que perjudique la titularidad de este sitio web. La utilizaci\u00f3n no autorizada de la informaci\u00f3n contenida en este sitio web, as\u00ed como los perjuicios ocasionados en los derechos de propiedad intelectual e industrial de sus titulares, pueden dar lugar al ejercicio de las acciones que legalmente correspondan y, si procede, a las responsabilidades que de dicho ejercicio se deriven.<\/p>\n<p>&nbsp;<\/p>\n<ol start=\"3\">\n<li><strong><u>Modificaciones<\/u><\/strong><\/li>\n<\/ol>\n<p>&nbsp;<\/p>\n<p>Estas Condiciones podr\u00e1n sufrir modificaciones cuando CLUB DEPORTIVO SAN MARCIAL. lo considere oportuno, bien con la finalidad de adecuarse a los cambios legislativos, bien con el fin de llevar a cabo otro tipo de mejoras. Estas modificaciones ser\u00e1n v\u00e1lidas desde su publicaci\u00f3n en este sitio web. CLUB DEPORTIVO SAN MARCIAL. utilizar\u00e1 los medios a su alcance para dar a conocer a los usuarios del sitio web los cambios realizados.<\/p>\n<p>&nbsp;<\/p>\n<ol start=\"4\">\n<li><strong><u>Pol\u00edtica de Privacidad &#8211; Protecci\u00f3n de datos de car\u00e1cter personal<\/u><\/strong><\/li>\n<\/ol>\n<p>&nbsp;<\/p>\n<ul>\n<li><strong><u>Introducci\u00f3n<\/u><\/strong><\/li>\n<\/ul>\n<p>&nbsp;<\/p>\n<p>En cumplimiento con la Ley Org\u00e1nica 15\/1999, de 13 de diciembre, sobre Protecci\u00f3n de Datos de Car\u00e1cter Personal (en adelante \u201cLOPD\u201d) y su normativa de desarrollo, se informa a los usuarios que los datos de car\u00e1cter personal que faciliten mediante correo electr\u00f3nico, enviados a trav\u00e9s de formularios web, \u00e1reas privadas o por cualquier otro medio ubicado en este sitio web ser\u00e1n incorporados a ficheros titularidad de CLUB DEPORTIVOSAN MARCIAL. (Responsable del Fichero), con la finalidad de atender a las consultas y solicitudes recibidas, contactar con usted, gestionar los servicios solicitados, las relaciones comerciales y las funciones leg\u00edtimas propias de su actividad, as\u00ed como para el env\u00edo de los boletines y noticias a los que se haya podido suscribir y para el env\u00edo de futuras comunicaciones comerciales que pudieran ser de su inter\u00e9s.<\/p>\n<p>&nbsp;<\/p>\n<p>El tratamiento de sus datos personales se realizar\u00e1 de manera confidencial. CLUB DEPORTIVO SAN MARCIAL,. est\u00e1 comprometida con la privacidad y la protecci\u00f3n de los datos personales de los usuarios y utiliza los recursos a su alcance para garantizar la seguridad y privacidad de los interesados. CLUB DEPORTIVO SAN MARCIAL. cumple con la legislaci\u00f3n vigente en Protecci\u00f3n de Datos de Car\u00e1cter Personal y figura inscrita en el Registro General de la Agencia de Protecci\u00f3n de Datos.<\/p>\n<p>&nbsp;<\/p>\n<ul>\n<li><strong><u>Derechos de los interesados<\/u><\/strong><\/li>\n<\/ul>\n<p>&nbsp;<\/p>\n<p>Puede ejercitar los derechos de acceso, rectificaci\u00f3n, cancelaci\u00f3n y oposici\u00f3n dirigi\u00e9ndose por escrito al Responsable del Fichero, CLUB DEPORTIVO SAN MARCIAL en Calle Vega de Eguskiza 31, Bajo,, 20304 Irun (Gipuzkoa). La solicitud deber\u00e1 llevar adjunta copia de documento de acreditativo de la identidad del solicitante (DNI). En caso de realizar la solicitud en su condici\u00f3n de representante legal, deber\u00e1 adjuntar, adem\u00e1s de la fotocopia del Documento de Identidad, un documento acreditativo de tal representaci\u00f3n.<\/p>\n<p>&nbsp;<\/p>\n<ul>\n<li><strong><u>Medidas de seguridad<\/u><\/strong><\/li>\n<\/ul>\n<p>&nbsp;<\/p>\n<p>CLUB DEPORTIVO SAN MARCIAL. tratar\u00e1 los datos de car\u00e1cter personal contenidos en sus ficheros adoptando las medidas de \u00edndole t\u00e9cnica y organizativa que sean necesarias para garantizar su seguridad y evitar su alteraci\u00f3n, p\u00e9rdida, tratamiento o acceso no autorizado, habida cuenta del estado de la tecnolog\u00eda, la naturaleza de los datos almacenados y los riesgos a que est\u00e1n expuestos, ya provengan de la acci\u00f3n humana o del medio f\u00edsico o natural, de acuerdo con la legislaci\u00f3n vigente que resulte de aplicaci\u00f3n en materia de medidas de seguridad de los ficheros que contengan datos de car\u00e1cter personal, particularmente por la LOPD y su normativa de desarrollo. Sin embargo, los usuarios son informados de que las medidas de seguridad inform\u00e1tica no son inexpugnables y no se est\u00e1 a salvo de posibles intromisiones ilegales e indebidas, que no ser\u00edan responsabilidad de CLUB DEPORTIVO SAN MARCIAL<\/p>\n<p><u>\u00a0<\/u><\/p>\n<ul>\n<li><strong><u>Vigencia<\/u><\/strong><\/li>\n<\/ul>\n<p>&nbsp;<\/p>\n<p>CLUB DEPORTIVO SAN MARCIAL. se reserva el derecho de modificar su pol\u00edtica de privacidad de acuerdo a su criterio, a cambios legislativos o jurisprudenciales. Si CLUB DEPORTIVO SAN MARCIAL introdujera alguna modificaci\u00f3n, el nuevo texto ser\u00e1 publicado en este mismo sitio web, donde el usuario podr\u00e1 tener conocimiento de la misma. En cualquier caso, la relaci\u00f3n con los usuarios se regir\u00e1 por las normas previstas en el momento preciso en que se accede al sitio web. Es por ello que CLUB DEPORTIVO SAN MARCIAL. le recomienda visitar esta pol\u00edtica de privacidad cada vez que se conecte al sitio web.<\/p>\n<p>&nbsp;<\/p>\n<p>&nbsp;<\/p>\n<p>&nbsp;<\/p>\n<p>&nbsp;<\/p>\n<ol start=\"5\">\n<li><strong><u>Jurisdicci\u00f3n<\/u><\/strong><\/li>\n<\/ol>\n<p>&nbsp;<\/p>\n<p>Las relaciones establecidas entre CLUB DEPORTIVO SAN MARCIAL y el usuario se regir\u00e1n por lo dispuesto en la normativa vigente acerca de la legislaci\u00f3n aplicable y la jurisdicci\u00f3n competente. No obstante, para los casos en los que la normativa prevea la posibilidad a las partes de someterse a un fuero CLUB DEPORTIVO SAN MARCIAL y el usuario, con renuncia expresa a cualquier otro fuero que pudiera corresponderles, se someten a los Juzgados y Tribunales de Irun (Gipuzkoa).<\/p>\n<p>&nbsp;<\/p>\n<p>CLUB DEPORTIVO SAN MARCIAL. perseguir\u00e1 el incumplimiento de las anteriores condiciones as\u00ed como cualquier utilizaci\u00f3n indebida de los contenidos presentados en su sitio web ejerciendo todas las acciones civiles y penales que le puedan corresponder en derecho.<\/p>\n","protected":false},"excerpt":{"rendered":"<p>Aviso legal, condiciones de uso y pol\u00edtica de privacidad &nbsp; Informaci\u00f3n legal &nbsp; En cumplimiento de la Ley 34\/2002, de 11 de julio, de Servicios de la Sociedad de la Informaci\u00f3n y de Comercio Electr\u00f3nico, le informamos que el dominio de internet www.cdsanmarcialirun.com\u00a0 es titularidad de CLUB DEPORTIVO SAN MARCIAL con domicilio en Calle Prudencia Arbide n\u00ba 20, 2do Izd, 20304 Irun (Gipuzkoa),\u00a0 inscrita en el Registro de Entidades Deportivas del Pa\u00eds Vasco. &nbsp; Condiciones Generales &nbsp; CLUB DEPORTIVO SAN MARCIAL. (en adelante \u201cclub\u201d) es un club deportivo sin \u00e1nimo de lucro cuyo objeto es la promoci\u00f3n del deporte a<a class=\"read-more\" href=\"https:\/\/cdsanmarcialirun.com\/eu\/pribatutasun-politika\/\">&#8230;<\/a><\/p>\n","protected":false},"author":1,"featured_media":0,"parent":0,"menu_order":0,"comment_status":"closed","ping_status":"closed","template":"","meta":{"footnotes":""},"class_list":["post-5944","page","type-page","status-publish","hentry"],"_links":{"self":[{"href":"https:\/\/cdsanmarcialirun.com\/eu\/wp-json\/wp\/v2\/pages\/5944","targetHints":{"allow":["GET"]}}],"collection":[{"href":"https:\/\/cdsanmarcialirun.com\/eu\/wp-json\/wp\/v2\/pages"}],"about":[{"href":"https:\/\/cdsanmarcialirun.com\/eu\/wp-json\/wp\/v2\/types\/page"}],"author":[{"embeddable":true,"href":"https:\/\/cdsanmarcialirun.com\/eu\/wp-json\/wp\/v2\/users\/1"}],"replies":[{"embeddable":true,"href":"https:\/\/cdsanmarcialirun.com\/eu\/wp-json\/wp\/v2\/comments?post=5944"}],"version-history":[{"count":4,"href":"https:\/\/cdsanmarcialirun.com\/eu\/wp-json\/wp\/v2\/pages\/5944\/revisions"}],"predecessor-version":[{"id":9306,"href":"https:\/\/cdsanmarcialirun.com\/eu\/wp-json\/wp\/v2\/pages\/5944\/revisions\/9306"}],"wp:attachment":[{"href":"https:\/\/cdsanmarcialirun.com\/eu\/wp-json\/wp\/v2\/media?parent=5944"}],"curies":[{"name":"wp","href":"https:\/\/api.w.org\/{rel}","templated":true}]}}