{"id":9497,"date":"2024-05-06T05:53:56","date_gmt":"2024-05-06T10:23:56","guid":{"rendered":"https:\/\/cdsanmarcialirun.com\/?page_id=9497"},"modified":"2024-05-06T05:53:57","modified_gmt":"2024-05-06T10:23:57","slug":"sm-uda-aselagun-2024","status":"publish","type":"page","link":"https:\/\/cdsanmarcialirun.com\/eu\/sm-uda-aselagun-2024\/","title":{"rendered":"SM UDA ASELAGUN 2024"},"content":{"rendered":"<p>[vc_row][vc_column]<h2 class=\"heading  vc_custom_1714380384651\" style=\"font-weight:;font-style:;color:#f96e17;\">\u00bfQu\u00e9 es SM UDA ASELAGUN 2024?<\/h2>[\/vc_column][\/vc_row][vc_row][vc_column width=&#8221;1\/2&#8243;][vc_single_image image=&#8221;9486&#8243; img_size=&#8221;full&#8221; alignment=&#8221;center&#8221;][\/vc_column][vc_column width=&#8221;1\/2&#8243;][vc_column_text]<span style=\"font-weight: 400;\"><strong>\u00a1Ya est\u00e1n abiertas las inscripciones para el campus de verano SM UDA ASELAGUN 2024!<\/strong> Nuestro Campus veraniego regresa por sexto a\u00f1o consecutivo, ofreciendo una experiencia inolvidable para ni\u00f1as y ni\u00f1os de entre 8 y 12 a\u00f1os<\/span><\/p>\n<p><span style=\"font-weight: 400;\">Dirigido a ni\u00f1@s nacidos entre 2012 y 2016, el campus est\u00e1 dividido en <strong>cinco semanas<\/strong> comprendidas entre el <strong>2 de julio y el 2 de agosto<\/strong>, con horario de <strong>09.00 a 13.00 horas, <\/strong>aunque <strong>el club ofrece la posibilidad de dejar a los ni\u00f1@s media hora antes y recogerlos hasta media hora despu\u00e9s<\/strong>.<\/span><\/p>\n<p>Adem\u00e1s de entrenamientos y juegos, el CD San Marcial organizar\u00e1 una excursi\u00f3n semanal (playa, piscinas de Hernani, estadio de Anoeta o instalaciones de entrenamiento de la Real Sociedad en Zubieta) y ofrecer\u00e1 un almuerzo saludable.<\/p>\n<p>En el precio \u2013hay descuento por hermanos y por ser socio del CD San Marcial- est\u00e1 incluido tambi\u00e9n una bolsa deportiva y una camiseta t\u00e9cnica del\u00a0<strong>SM UDA Aselagun<\/strong>.[\/vc_column_text][vc_btn title=&#8221;Formulario inscripci\u00f3n&#8221; color=&#8221;orange&#8221; align=&#8221;center&#8221; el_class=&#8221;.corporative-btn .primary&#8221; link=&#8221;url:https%3A%2F%2Fdocs.google.com%2Fforms%2Fd%2F1MbRjQAZlMJbDsCDjREb_9F21YOtJIcep9HwFTRGeDCc%2Fviewform%3Fedit_requested%3Dtrue|target:_blank|&#8221;][vc_gallery interval=&#8221;3&#8243; images=&#8221;8097,8095,8093,8101,8103,8105&#8243; img_size=&#8221;1000&#215;1000&#8243;][\/vc_column][\/vc_row][vc_row full_width=&#8221;stretch_row&#8221; bg_type=&#8221;bg_color&#8221; bg_color_value=&#8221;#ffffff&#8221;][vc_column][vc_single_image image=&#8221;5636&#8243; img_size=&#8221;full&#8221; alignment=&#8221;center&#8221; onclick=&#8221;custom_link&#8221; img_link_target=&#8221;_blank&#8221; link=&#8221;https:\/\/www.aselagun.com\/&#8221;][\/vc_column][\/vc_row][vc_row full_width=&#8221;stretch_row&#8221; gap=&#8221;5&#8243; content_placement=&#8221;top&#8221; css=&#8221;.vc_custom_1685443369269{padding-top: 20px !important;padding-bottom: 20px !important;background-color: #f96e17 !important;}&#8221; el_class=&#8221;corporative-bg primary&#8221;][vc_column][vc_row_inner][vc_column_inner][vc_btn title=&#8221;FORMULARIO DE INSCRIPCI\u00d3N&#8221; style=&#8221;custom&#8221; custom_background=&#8221;#242cb6&#8243; custom_text=&#8221;#ffffff&#8221; size=&#8221;lg&#8221; align=&#8221;center&#8221; link=&#8221;url:https%3A%2F%2Fdocs.google.com%2Fforms%2Fd%2Fe%2F1FAIpQLSd9A6EBBPZRAVv8mWHU7iVslBIa50KrGjSNFftl2U-oGcby9w%2Fviewform%3Fvc%3D0%26c%3D0%26w%3D1%26flr%3D0|target:_blank|&#8221;][\/vc_column_inner][\/vc_row_inner][vc_row_inner equal_height=&#8221;yes&#8221;][vc_column_inner width=&#8221;1\/2&#8243;][vc_custom_heading text=&#8221;FECHAS&#8221; font_container=&#8221;tag:h2|font_size:2.3em|text_align:center&#8221; google_fonts=&#8221;font_family:Oswald%3A300%2Cregular%2C700|font_style:400%20regular%3A400%3Anormal&#8221; css=&#8221;.vc_custom_1685444035845{margin-bottom: 15px !important;}&#8221;][vc_column_text el_class=&#8221;.resume&#8221;]La duraci\u00f3n total del Campus SM UDA ASELAGUN 2024 es de TODO EL MES DE JULIO, pero las inscripciones pueden realizarse por semanas o si se prefiere, por d\u00edas sueltos.<\/p>\n<ul>\n<li>02\/07\/2024 al 05\/07\/2024 (Martes a viernes)<\/li>\n<li>08\/07\/2024 al 12\/07\/2014 (Lunes a viernes)<\/li>\n<li>15\/07\/2024 al 19\/07\/2024 (Lunes a viernes)<\/li>\n<li>22\/07\/2024 al 26\/07\/2024 (Lunes a viernes)<\/li>\n<li>22\/07\/2024 al 26\/07\/2024 (Lunes a viernes)<\/li>\n<li>29\/07\/2024 al 02\/08\/2024 (Lunes a viernes)<\/li>\n<\/ul>\n<p>[\/vc_column_text][\/vc_column_inner][vc_column_inner width=&#8221;1\/2&#8243;][vc_custom_heading text=&#8221;HORARIOS&#8221; font_container=&#8221;tag:h2|font_size:2.3em|text_align:center&#8221; google_fonts=&#8221;font_family:Oswald%3A300%2Cregular%2C700|font_style:400%20regular%3A400%3Anormal&#8221; css=&#8221;.vc_custom_1685444050673{margin-bottom: 15px !important;}&#8221;][vc_column_text el_class=&#8221;.resume&#8221;]Los entrenamientos se llevar\u00e1n a cabo de 09:00 a 13:00h. Sin embargo, para facilitar la log\u00edstica, se ofrece flexibilidad para dejar a los participantes a las 08:30 y recogerlos a las 13:30h.[\/vc_column_text][\/vc_column_inner][\/vc_row_inner][vc_row_inner equal_height=&#8221;yes&#8221;][vc_column_inner width=&#8221;1\/2&#8243;][vc_custom_heading text=&#8221;CONCEPTOS A TRABAJAR&#8221; font_container=&#8221;tag:h2|font_size:2.3em|text_align:center&#8221; google_fonts=&#8221;font_family:Oswald%3A300%2Cregular%2C700|font_style:400%20regular%3A400%3Anormal&#8221; el_class=&#8221;.resume&#8221; css=&#8221;.vc_custom_1685444416049{margin-bottom: 15px !important;}&#8221;][vc_column_text css=&#8221;.vc_custom_1685444581507{margin-top: 35px !important;margin-bottom: 35px !important;}&#8221; el_class=&#8221;.resume&#8221;]Durante los entrenamientos se trabajar\u00e1n varios conceptos, incluyendo el control del bal\u00f3n, pase, t\u00e9cnica individual y finalizaciones. Cada sesi\u00f3n finalizar\u00e1 con divertidos partidillos, <i>\u201cmundialitos\u201d<\/i> y tandas de penaltis.[\/vc_column_text][\/vc_column_inner][vc_column_inner width=&#8221;1\/2&#8243;][vc_custom_heading text=&#8221;DURACI\u00d3N DE LOS ENTRENAMIENTOS&#8221; font_container=&#8221;tag:h2|font_size:2.3em|text_align:center&#8221; google_fonts=&#8221;font_family:Oswald%3A300%2Cregular%2C700|font_style:400%20regular%3A400%3Anormal&#8221; el_class=&#8221;.resume&#8221; css=&#8221;.vc_custom_1685444450276{margin-bottom: 15px !important;}&#8221;][vc_column_text el_class=&#8221;.resume&#8221;]Cada sesi\u00f3n de entrenamiento tendr\u00e1 una duraci\u00f3n de 1 hora y 30 minutos.[\/vc_column_text][\/vc_column_inner][\/vc_row_inner][vc_row_inner][vc_column_inner width=&#8221;1\/2&#8243;][vc_custom_heading text=&#8221;\u00bfQU\u00c9 VIENE INCLUIDO?&#8221; font_container=&#8221;tag:h2|font_size:2.3em|text_align:center&#8221; google_fonts=&#8221;font_family:Oswald%3A300%2Cregular%2C700|font_style:400%20regular%3A400%3Anormal&#8221; el_class=&#8221;.resume&#8221; css=&#8221;.vc_custom_1685444460811{margin-bottom: 15px !important;}&#8221;][vc_column_text el_class=&#8221;.resume&#8221;]El precio del Campus incluye una camiseta deportiva, bixera, una bolsa deportiva y el almuerzo diario.[\/vc_column_text][\/vc_column_inner][vc_column_inner width=&#8221;1\/2&#8243;][vc_custom_heading text=&#8221;INSCRIPCIONES&#8221; font_container=&#8221;tag:h2|font_size:2.3em|text_align:center&#8221; google_fonts=&#8221;font_family:Oswald%3A300%2Cregular%2C700|font_style:400%20regular%3A400%3Anormal&#8221; el_class=&#8221;.resume&#8221; css=&#8221;.vc_custom_1685445171122{margin-bottom: 15px !important;}&#8221;][vc_column_text el_class=&#8221;.resume&#8221;]No pierdas la oportunidad de inscribir a tu\/s hij@\/s y formar parte de esta experiencia que les va a encantar. Para m\u00e1s informaci\u00f3n y reservas, comun\u00edcate al n\u00famero <a href=\"tel:646427046\">646 42 70 46<\/a> o env\u00eda un correo electr\u00f3nico a <a href=\"mailto:escuela@cdsanmarcial.com\">escuela@cdsanmarcial.com<\/a>. \u00a1Prep\u00e1rate para vivir un verano inolvidable en el campus de SM UDA ASELAGUN 2024!<\/p>\n<p>Si quer\u00e9is realizar la inscripci\u00f3n directamente, pod\u00e9is <a href=\"https:\/\/docs.google.com\/forms\/d\/1MbRjQAZlMJbDsCDjREb_9F21YOtJIcep9HwFTRGeDCc\/edit?usp=drivesdk\" target=\"_blank\" rel=\"noopener\">rellenar este formulario<\/a>.[\/vc_column_text][\/vc_column_inner][\/vc_row_inner][vc_row_inner][vc_column_inner width=&#8221;1\/2&#8243;][vc_custom_heading text=&#8221;TARIFAS&#8221; font_container=&#8221;tag:h2|font_size:2.3em|text_align:center&#8221; google_fonts=&#8221;font_family:Oswald%3A300%2Cregular%2C700|font_style:400%20regular%3A400%3Anormal&#8221; el_class=&#8221;.resume&#8221; css=&#8221;.vc_custom_1685445102420{margin-bottom: 15px !important;}&#8221;][vc_column_text el_class=&#8221;.resume&#8221;]<\/p>\n<h2>TARIFAS PARA LOS NO SOCIOS:<\/h2>\n<p>1 SEMANA:<b>80\u20ac<\/b> (Descuento con hermanos 75\u20ac cada jugador)<\/p>\n<p>2 SEMANAS:<b>150\u20ac<\/b> (Descuento con hermanos 140\u20ac cada jugador)<\/p>\n<p>3 SEMANAS:<b>210\u20ac<\/b> (Descuento con hermanos 190\u20ac cada jugador)<\/p>\n<p>4 SEMANAS: <b>260\u20ac<\/b> (Descuento con hermanos 240\u20ac cada jugador)<\/p>\n<p>5 SEMANAS: <b>290\u20ac<\/b> (Descuento con hermanos 260\u20ac cada jugador)<\/p>\n<p>DIAS SUELTOS: <b>20\u20ac<\/b><\/p>\n<p>&nbsp;<\/p>\n<h2>TARIFAS PARA LOS SOCIOS:<\/h2>\n<p>1 SEMANA:<b>75\u20ac<\/b> (Descuento con hermanos 70\u20ac cada jugador)<\/p>\n<p>2 SEMANAS:<b>140\u20ac<\/b> (Descuento con hermanos 130\u20ac cada jugador)<\/p>\n<p>3 SEMANAS:<b>190\u20ac<\/b> (Descuento con hermanos 150\u20ac cada jugador)<\/p>\n<p>4 SEMANAS: <b>220\u20ac<\/b> (Descuento con hermanos 170\u20ac cada jugador)<\/p>\n<p>5 SEMANAS: <b>250\u20ac<\/b> (Descuento con hermanos 220\u20ac cada jugador)<\/p>\n<p>DIAS SUELTOS <b>18\u20ac<\/b>[\/vc_column_text][\/vc_column_inner][vc_column_inner width=&#8221;1\/2&#8243;][\/vc_column_inner][\/vc_row_inner][\/vc_column][\/vc_row][vc_row full_width=&#8221;stretch_row&#8221; gap=&#8221;15&#8243; bg_type=&#8221;bg_color&#8221; bg_color_value=&#8221;#fcbb3a&#8221; css=&#8221;.vc_custom_1677757495455{padding-top: 50px !important;padding-bottom: 50px !important;}&#8221; el_class=&#8221;sponsors-section&#8221;][vc_column][vc_custom_heading text=&#8221;Nuestros patrocinadores&#8221; use_theme_fonts=&#8221;yes&#8221;][vc_images_carousel images=&#8221;7589,7587,7585,7583,7581,7579,7577,7575,7573,7571,7569,7567,7565,7563,7561&#8243; img_size=&#8221;&#8221; onclick=&#8221;custom_link&#8221; custom_links_target=&#8221;_blank&#8221; slides_per_view=&#8221;6&#8243; partial_view=&#8221;yes&#8221; wrap=&#8221;yes&#8221; custom_links=&#8221;#E-8_aHR0cHMlM0ElMkYlMkZ3d3cudHVjYXIubmV0JTJGJTJDaHR0cHMlM0ElMkYlMkZ3d3cucGlzY2luYXN1cmdhaW4uY29tJTJGJTJDaHR0cHMlM0ElMkYlMkZwYXRyaXhpLmNvbSUyRiUyQ2h0dHBzJTNBJTJGJTJGd3d3LmxhbnRhbGF1LmNvbSUyRiUyQ2h0dHBzJTNBJTJGJTJGd3d3Lm5ldW1hdGljb3NpcnVuYS5jb20lMkYlMkNodHRwcyUzQSUyRiUyRnd3dy5pbGNhcG8ubmV0JTJGJTJDaHR0cHMlM0ElMkYlMkZoZWdvaW1hcnRpbi5jb20lMkYlMkNodHRwcyUzQSUyRiUyRnd3dy5iYXJncmFuc29sLmNvbSUyRiUyQ2h0dHBzJTNBJTJGJTJGcGFuYWRlcmlhcy5uZXQlMkZlbXByZXNhJTJGcGFuYWRlcmlhLWdhcmluLXMtbC12aWxsYWZyYW5jYS1kZS1vcmRpY2lhLWdpcHV6a29hLWVzcGFuYSUyRiUyQ2h0dHBzJTNBJTJGJTJGd3d3LnZlcnRpem1vYmlsaXR5LmNvbSUyRiUyQ2h0dHBzJTNBJTJGJTJGZGt2LmVzJTJGcGFydGljdWxhcmVzJTJDaHR0cHMlM0ElMkYlMkZ3d3cuY2FycmVmb3VyLmVzJTJGdGllbmRhcy1jYXJyZWZvdXIlMkZzdXBlcm1lcmNhZG9zJTJGY2FycmVmb3VyLWV4cHJlc3MlMkZwbGF6YV9laWhlcmEtcy5hc3B4JTJDaHR0cHMlM0ElMkYlMkZ3d3cuYmlkYXNvYWZvcm1hY2lvbi5lcyUyRiUyQ2h0dHBzJTNBJTJGJTJGd3d3LmFzZWxhZ3VuLmNvbSUyRiUyQ2h0dHBzJTNBJTJGJTJGYWtlcnJldGEuY29tJTJG&#8221;][\/vc_column][\/vc_row]<\/p>\n","protected":false},"excerpt":{"rendered":"<p>[vc_row][vc_column][\/vc_column][\/vc_row][vc_row][vc_column width=&#8221;1\/2&#8243;][vc_single_image image=&#8221;9486&#8243; img_size=&#8221;full&#8221; alignment=&#8221;center&#8221;][\/vc_column][vc_column width=&#8221;1\/2&#8243;][vc_column_text]\u00a1Ya est\u00e1n abiertas las inscripciones para el campus de verano SM UDA ASELAGUN 2024! Nuestro Campus veraniego regresa por sexto a\u00f1o consecutivo, ofreciendo una experiencia inolvidable para ni\u00f1as y ni\u00f1os de entre 8 y 12 a\u00f1os Dirigido a ni\u00f1@s nacidos entre 2012 y 2016, el campus est\u00e1 dividido en cinco semanas comprendidas entre el 2 de julio y el 2 de agosto, con horario de 09.00 a 13.00 horas, aunque el club ofrece la posibilidad de dejar a los ni\u00f1@s media hora antes y recogerlos hasta media hora despu\u00e9s. Adem\u00e1s de entrenamientos y juegos, el<a class=\"read-more\" href=\"https:\/\/cdsanmarcialirun.com\/eu\/sm-uda-aselagun-2024\/\">&#8230;<\/a><\/p>\n","protected":false},"author":7,"featured_media":0,"parent":0,"menu_order":0,"comment_status":"closed","ping_status":"closed","template":"","meta":{"footnotes":""},"class_list":["post-9497","page","type-page","status-publish","hentry"],"_links":{"self":[{"href":"https:\/\/cdsanmarcialirun.com\/eu\/wp-json\/wp\/v2\/pages\/9497","targetHints":{"allow":["GET"]}}],"collection":[{"href":"https:\/\/cdsanmarcialirun.com\/eu\/wp-json\/wp\/v2\/pages"}],"about":[{"href":"https:\/\/cdsanmarcialirun.com\/eu\/wp-json\/wp\/v2\/types\/page"}],"author":[{"embeddable":true,"href":"https:\/\/cdsanmarcialirun.com\/eu\/wp-json\/wp\/v2\/users\/7"}],"replies":[{"embeddable":true,"href":"https:\/\/cdsanmarcialirun.com\/eu\/wp-json\/wp\/v2\/comments?post=9497"}],"version-history":[{"count":14,"href":"https:\/\/cdsanmarcialirun.com\/eu\/wp-json\/wp\/v2\/pages\/9497\/revisions"}],"predecessor-version":[{"id":9538,"href":"https:\/\/cdsanmarcialirun.com\/eu\/wp-json\/wp\/v2\/pages\/9497\/revisions\/9538"}],"wp:attachment":[{"href":"https:\/\/cdsanmarcialirun.com\/eu\/wp-json\/wp\/v2\/media?parent=9497"}],"curies":[{"name":"wp","href":"https:\/\/api.w.org\/{rel}","templated":true}]}}