{"id":8633,"date":"2023-11-13T13:16:26","date_gmt":"2023-11-13T12:16:26","guid":{"rendered":"https:\/\/cdsanmarcialirun.com\/?post_type=product&#038;p=8633"},"modified":"2025-12-04T13:55:15","modified_gmt":"2025-12-04T18:25:15","slug":"sudadera-san-marcial-con-cremallera","status":"publish","type":"product","link":"https:\/\/cdsanmarcialirun.com\/eu\/producto\/sudadera-san-marcial-con-cremallera\/","title":{"rendered":"Sudadera San Marcial con cremallera &#8220;SM I&#8221;"},"content":{"rendered":"<p>Sudadera con cremallera y capucha ajustable mediante cordones. Incluye bolsillos abiertos y canal\u00e9 en pu\u00f1os y bajo. Tiene una l\u00ednea de color en contraste en el pecho. Logotipo SM bordado.<\/p>\n","protected":false},"excerpt":{"rendered":"<p>Sudadera con cremallera y capucha ajustable mediante cordones. Incluye bolsillos abiertos y canal\u00e9 en pu\u00f1os y bajo. Tiene una l\u00ednea de color en contraste en el pecho. Logotipo SM bordado.<\/p>\n","protected":false},"featured_media":8701,"template":"","meta":[],"product_cat":[168],"product_tag":[184],"class_list":{"0":"post-8633","1":"product","2":"type-product","3":"status-publish","4":"has-post-thumbnail","6":"product_cat-linea-de-calle-invierno","7":"product_tag-sudadera","9":"first","10":"instock","11":"shipping-taxable","12":"purchasable","13":"product-type-variable","14":"has-default-attributes"},"_links":{"self":[{"href":"https:\/\/cdsanmarcialirun.com\/eu\/wp-json\/wp\/v2\/product\/8633","targetHints":{"allow":["GET"]}}],"collection":[{"href":"https:\/\/cdsanmarcialirun.com\/eu\/wp-json\/wp\/v2\/product"}],"about":[{"href":"https:\/\/cdsanmarcialirun.com\/eu\/wp-json\/wp\/v2\/types\/product"}],"wp:featuredmedia":[{"embeddable":true,"href":"https:\/\/cdsanmarcialirun.com\/eu\/wp-json\/wp\/v2\/media\/8701"}],"wp:attachment":[{"href":"https:\/\/cdsanmarcialirun.com\/eu\/wp-json\/wp\/v2\/media?parent=8633"}],"wp:term":[{"taxonomy":"product_cat","embeddable":true,"href":"https:\/\/cdsanmarcialirun.com\/eu\/wp-json\/wp\/v2\/product_cat?post=8633"},{"taxonomy":"product_tag","embeddable":true,"href":"https:\/\/cdsanmarcialirun.com\/eu\/wp-json\/wp\/v2\/product_tag?post=8633"}],"curies":[{"name":"wp","href":"https:\/\/api.w.org\/{rel}","templated":true}]}}