{"id":8639,"date":"2023-11-13T13:35:03","date_gmt":"2023-11-13T12:35:03","guid":{"rendered":"https:\/\/cdsanmarcialirun.com\/?post_type=product&#038;p=8639"},"modified":"2025-12-10T04:17:39","modified_gmt":"2025-12-10T08:47:39","slug":"sudadera-san-marcial-con-cremallera-smii","status":"publish","type":"product","link":"https:\/\/cdsanmarcialirun.com\/eu\/producto\/sudadera-san-marcial-con-cremallera-smii\/","title":{"rendered":"Sudadera San Marcial con cremallera &#8220;SM II&#8221;"},"content":{"rendered":"<p>Chaqueta abierta con Jip. Incluye bolsillos, cord\u00f3n ajustable en la capucha. Los pu\u00f1os y el dobladillo est\u00e1n acanalados para un ajuste y comodidad. Logotipo impreso.<\/p>\n","protected":false},"excerpt":{"rendered":"<p>Chaqueta abierta con Jip. Incluye bolsillos, cord\u00f3n ajustable en la capucha. Los pu\u00f1os y el dobladillo est\u00e1n acanalados para un ajuste y comodidad. Logotipo impreso.<\/p>\n","protected":false},"featured_media":8730,"template":"","meta":[],"product_cat":[168],"product_tag":[184],"class_list":{"0":"post-8639","1":"product","2":"type-product","3":"status-publish","4":"has-post-thumbnail","6":"product_cat-linea-de-calle-invierno","7":"product_tag-sudadera","9":"first","10":"instock","11":"shipping-taxable","12":"purchasable","13":"product-type-variable"},"_links":{"self":[{"href":"https:\/\/cdsanmarcialirun.com\/eu\/wp-json\/wp\/v2\/product\/8639","targetHints":{"allow":["GET"]}}],"collection":[{"href":"https:\/\/cdsanmarcialirun.com\/eu\/wp-json\/wp\/v2\/product"}],"about":[{"href":"https:\/\/cdsanmarcialirun.com\/eu\/wp-json\/wp\/v2\/types\/product"}],"wp:featuredmedia":[{"embeddable":true,"href":"https:\/\/cdsanmarcialirun.com\/eu\/wp-json\/wp\/v2\/media\/8730"}],"wp:attachment":[{"href":"https:\/\/cdsanmarcialirun.com\/eu\/wp-json\/wp\/v2\/media?parent=8639"}],"wp:term":[{"taxonomy":"product_cat","embeddable":true,"href":"https:\/\/cdsanmarcialirun.com\/eu\/wp-json\/wp\/v2\/product_cat?post=8639"},{"taxonomy":"product_tag","embeddable":true,"href":"https:\/\/cdsanmarcialirun.com\/eu\/wp-json\/wp\/v2\/product_tag?post=8639"}],"curies":[{"name":"wp","href":"https:\/\/api.w.org\/{rel}","templated":true}]}}