{"id":8783,"date":"2023-11-23T11:40:09","date_gmt":"2023-11-23T10:40:09","guid":{"rendered":"https:\/\/cdsanmarcialirun.com\/?post_type=product&#038;p=8783"},"modified":"2026-03-10T15:59:06","modified_gmt":"2026-03-10T20:29:06","slug":"sudadera-san-marcial-con-cremallera-sm-iii","status":"publish","type":"product","link":"https:\/\/cdsanmarcialirun.com\/eu\/producto\/sudadera-san-marcial-con-cremallera-sm-iii\/","title":{"rendered":"Sudadera San Marcial con cremallera &#8220;SM III&#8221;"},"content":{"rendered":"<p>Sudadera de algod\u00f3n con capucha para hombre\/ni\u00f1o con cremallera. Esta chaqueta al ser de algod\u00f3n es c\u00f3moda, suave y protege muy bien del fr\u00edo. Chaqueta Comfort III confeccionada en tejido suave que proporciona comodidad manteniendo el cuerpo abrigado. Incluye capucha ajustable con cord\u00f3n y bolsillos delanteros sin cremallera. El cuello y el dobladillo acanalados brindan un ajuste c\u00f3modo.<\/p>\n","protected":false},"excerpt":{"rendered":"<p>Sudadera de algod\u00f3n con capucha para hombre\/ni\u00f1o con cremallera. Esta chaqueta al ser de algod\u00f3n es c\u00f3moda, suave y protege muy bien del fr\u00edo. Chaqueta Comfort III confeccionada en tejido suave que proporciona comodidad manteniendo el cuerpo abrigado. Incluye capucha ajustable con cord\u00f3n y bolsillos delanteros sin cremallera. El cuello y el dobladillo acanalados brindan un ajuste c\u00f3modo.<\/p>\n","protected":false},"featured_media":8756,"template":"","meta":[],"product_cat":[168],"product_tag":[184],"class_list":{"0":"post-8783","1":"product","2":"type-product","3":"status-publish","4":"has-post-thumbnail","6":"product_cat-linea-de-calle-invierno","7":"product_tag-sudadera","9":"first","10":"instock","11":"shipping-taxable","12":"purchasable","13":"product-type-variable"},"_links":{"self":[{"href":"https:\/\/cdsanmarcialirun.com\/eu\/wp-json\/wp\/v2\/product\/8783","targetHints":{"allow":["GET"]}}],"collection":[{"href":"https:\/\/cdsanmarcialirun.com\/eu\/wp-json\/wp\/v2\/product"}],"about":[{"href":"https:\/\/cdsanmarcialirun.com\/eu\/wp-json\/wp\/v2\/types\/product"}],"wp:featuredmedia":[{"embeddable":true,"href":"https:\/\/cdsanmarcialirun.com\/eu\/wp-json\/wp\/v2\/media\/8756"}],"wp:attachment":[{"href":"https:\/\/cdsanmarcialirun.com\/eu\/wp-json\/wp\/v2\/media?parent=8783"}],"wp:term":[{"taxonomy":"product_cat","embeddable":true,"href":"https:\/\/cdsanmarcialirun.com\/eu\/wp-json\/wp\/v2\/product_cat?post=8783"},{"taxonomy":"product_tag","embeddable":true,"href":"https:\/\/cdsanmarcialirun.com\/eu\/wp-json\/wp\/v2\/product_tag?post=8783"}],"curies":[{"name":"wp","href":"https:\/\/api.w.org\/{rel}","templated":true}]}}