{"id":8862,"date":"2023-11-27T16:39:24","date_gmt":"2023-11-27T15:39:24","guid":{"rendered":"https:\/\/cdsanmarcialirun.com\/?post_type=product&#038;p=8862"},"modified":"2025-12-03T17:58:37","modified_gmt":"2025-12-03T22:28:37","slug":"pantalones-chandal-san-marcial","status":"publish","type":"product","link":"https:\/\/cdsanmarcialirun.com\/eu\/producto\/pantalones-chandal-san-marcial\/","title":{"rendered":"Pantalones Ch\u00e1ndal San Marcial"},"content":{"rendered":"<p class=\"select-coment Mbottom0\"><span id=\"desc\" class=\"addReadMore showlesscontent\">Pantal\u00f3n largo con forro interior c\u00e1lido agradable para mantener la temperatura y el confort. Cintura el\u00e1stica que se puede ajustar con cordones, dos bolsillos laterales con cremallera y cremallera en el bajo para que se puedan poner y quitar con facilidad.<\/span><\/p>\n<p class=\"select-coment Mbottom0\"><span id=\"desc\" class=\"addReadMore showlesscontent\">Logo San Marcial bordado.<\/span><\/p>\n<p class=\"parrafo\"><span id=\"desc\" class=\"addReadMore showlesscontent\"><br \/>\nEspecificaciones:<br \/>\n&#8211; Material: 100 % forro polar de poli\u00e9ster.<br \/>\n<\/span><\/p>\n","protected":false},"excerpt":{"rendered":"<p>Pantal\u00f3n largo con forro interior c\u00e1lido agradable para mantener la temperatura y el confort. Cintura el\u00e1stica que se puede ajustar con cordones, dos bolsillos laterales con cremallera y cremallera en el bajo para que se puedan poner y quitar con facilidad. Logo San Marcial bordado. Especificaciones: &#8211; Material: 100 % forro polar de poli\u00e9ster.<\/p>\n","protected":false},"featured_media":8863,"template":"","meta":[],"product_cat":[168],"product_tag":[182],"class_list":{"0":"post-8862","1":"product","2":"type-product","3":"status-publish","4":"has-post-thumbnail","6":"product_cat-linea-de-calle-invierno","7":"product_tag-pantalon-largo","9":"first","10":"instock","11":"shipping-taxable","12":"purchasable","13":"product-type-variable"},"_links":{"self":[{"href":"https:\/\/cdsanmarcialirun.com\/eu\/wp-json\/wp\/v2\/product\/8862","targetHints":{"allow":["GET"]}}],"collection":[{"href":"https:\/\/cdsanmarcialirun.com\/eu\/wp-json\/wp\/v2\/product"}],"about":[{"href":"https:\/\/cdsanmarcialirun.com\/eu\/wp-json\/wp\/v2\/types\/product"}],"wp:featuredmedia":[{"embeddable":true,"href":"https:\/\/cdsanmarcialirun.com\/eu\/wp-json\/wp\/v2\/media\/8863"}],"wp:attachment":[{"href":"https:\/\/cdsanmarcialirun.com\/eu\/wp-json\/wp\/v2\/media?parent=8862"}],"wp:term":[{"taxonomy":"product_cat","embeddable":true,"href":"https:\/\/cdsanmarcialirun.com\/eu\/wp-json\/wp\/v2\/product_cat?post=8862"},{"taxonomy":"product_tag","embeddable":true,"href":"https:\/\/cdsanmarcialirun.com\/eu\/wp-json\/wp\/v2\/product_tag?post=8862"}],"curies":[{"name":"wp","href":"https:\/\/api.w.org\/{rel}","templated":true}]}}