{"id":8909,"date":"2023-11-30T15:32:35","date_gmt":"2023-11-30T14:32:35","guid":{"rendered":"https:\/\/cdsanmarcialirun.com\/?post_type=product&#038;p=8909"},"modified":"2024-12-02T07:08:28","modified_gmt":"2024-12-02T11:38:28","slug":"camiseta-termica-azul","status":"publish","type":"product","link":"https:\/\/cdsanmarcialirun.com\/eu\/producto\/camiseta-termica-azul\/","title":{"rendered":"Camiseta T\u00e9rmica Azul"},"content":{"rendered":"<p>Camiseta t\u00e9rmica interior de manga larga.<\/p>\n<p>Modelo unisex, v\u00e1lido para hombre y mujer.<\/p>\n<p>Dise\u00f1ada para la pr\u00e1ctica deportiva a bajas temperaturas, cuando el deportista necesita mantener constante su temperatura corporal. Esta camiseta t\u00e9rmica lo tiene todo en comodidad: ligereza, transpiraci\u00f3n y costuras que previenen las rozaduras.<\/p>\n<p>Presenta un corte ajustado, que se adapta a todas las formas f\u00edsicas gracias al tejido el\u00e1stico, al mismo tiempo que asegura la libertad de movimiento. La tecnolog\u00eda BRAMA garantiza buen aislamiento t\u00e9rmico, manteniendo una buena relaci\u00f3n entre aporte de calor y evacuaci\u00f3n del sudor. Es transpirable en aquellas zonas que m\u00e1s acumulan sudoraci\u00f3n.<\/p>\n<p>Buen contacto con la piel debido a la incorporaci\u00f3n de costuras planas Flatlock que evitan molestas rozaduras. Con ella te podr\u00e1s olvidar de las incomodidades.<\/p>\n<p>En cuello perkings tambi\u00e9n contribuye a la protecci\u00f3n contra el fr\u00edo.<\/p>\n<p>Logotipo Joma serigrafiado.<\/p>\n","protected":false},"excerpt":{"rendered":"<p>Camiseta t\u00e9rmica interior de manga larga. Modelo unisex, v\u00e1lido para hombre y mujer. Dise\u00f1ada para la pr\u00e1ctica deportiva a bajas temperaturas, cuando el deportista necesita mantener constante su temperatura corporal. Esta camiseta t\u00e9rmica lo tiene todo en comodidad: ligereza, transpiraci\u00f3n y costuras que previenen las rozaduras. Presenta un corte ajustado, que se adapta a todas las formas f\u00edsicas gracias al tejido el\u00e1stico, al mismo tiempo que asegura la libertad de movimiento. La tecnolog\u00eda BRAMA garantiza buen aislamiento t\u00e9rmico, manteniendo una buena relaci\u00f3n entre aporte de calor y evacuaci\u00f3n del sudor. Es transpirable en aquellas zonas que m\u00e1s acumulan sudoraci\u00f3n. Buen<a class=\"read-more\" href=\"https:\/\/cdsanmarcialirun.com\/eu\/producto\/camiseta-termica-azul\/\">&#8230;<\/a><\/p>\n","protected":false},"featured_media":8746,"template":"","meta":[],"product_cat":[168],"product_tag":[187],"class_list":{"0":"post-8909","1":"product","2":"type-product","3":"status-publish","4":"has-post-thumbnail","6":"product_cat-linea-de-calle-invierno","7":"product_tag-camiseta-termica","9":"first","10":"instock","11":"shipping-taxable","12":"purchasable","13":"product-type-variable"},"_links":{"self":[{"href":"https:\/\/cdsanmarcialirun.com\/eu\/wp-json\/wp\/v2\/product\/8909","targetHints":{"allow":["GET"]}}],"collection":[{"href":"https:\/\/cdsanmarcialirun.com\/eu\/wp-json\/wp\/v2\/product"}],"about":[{"href":"https:\/\/cdsanmarcialirun.com\/eu\/wp-json\/wp\/v2\/types\/product"}],"wp:featuredmedia":[{"embeddable":true,"href":"https:\/\/cdsanmarcialirun.com\/eu\/wp-json\/wp\/v2\/media\/8746"}],"wp:attachment":[{"href":"https:\/\/cdsanmarcialirun.com\/eu\/wp-json\/wp\/v2\/media?parent=8909"}],"wp:term":[{"taxonomy":"product_cat","embeddable":true,"href":"https:\/\/cdsanmarcialirun.com\/eu\/wp-json\/wp\/v2\/product_cat?post=8909"},{"taxonomy":"product_tag","embeddable":true,"href":"https:\/\/cdsanmarcialirun.com\/eu\/wp-json\/wp\/v2\/product_tag?post=8909"}],"curies":[{"name":"wp","href":"https:\/\/api.w.org\/{rel}","templated":true}]}}