{"id":8958,"date":"2023-12-01T17:12:02","date_gmt":"2023-12-01T16:12:02","guid":{"rendered":"https:\/\/cdsanmarcialirun.com\/?post_type=product&#038;p=8958"},"modified":"2025-12-04T13:55:15","modified_gmt":"2025-12-04T18:25:15","slug":"xira-chubasquero-san-marcial","status":"publish","type":"product","link":"https:\/\/cdsanmarcialirun.com\/eu\/producto\/xira-chubasquero-san-marcial\/","title":{"rendered":"Xira Chubasquero San Marcial"},"content":{"rendered":"<p>Chubasquero San Marcial unisex. Se trata de una chaqueta impermeable c\u00f3moda y pr\u00e1ctica para facilitar los desplazamientos y las actividades deportivas con tiempo fr\u00edo, lluvia o viento. Consigue un aislamiento m\u00e1ximo contra las filtraciones de agua sin renunciar a la transpiraci\u00f3n del sudor.<\/p>\n<p>Incluye cierre con cremallera completa y tirador bloqueable, que impide que la cremallera se abra y, por tanto, que entre el agua. La capucha autoguardable se puede esconder en el bolsillo del cuello cerrado con cremallera. Esta capucha es ajustable mediante cordones, de esta manera la protecci\u00f3n contra el viento, el fr\u00edo y la lluvia ser\u00e1 \u00f3ptima y m\u00e1s c\u00f3moda. Tambi\u00e9n cuenta con bolsillos para guardar de forma segura peque\u00f1os objetos, pu\u00f1o ajustable con el\u00e1stico para un mejor ajuste y as\u00ed evitar la entrada de agua o fr\u00edo.<\/p>\n<p>Est\u00e1 confeccionado con tejido ligero y resistente al agua. En las zonas de mayor sudoraci\u00f3n incorpora la tecnolog\u00eda Micro-Mesh para mejorar la transpiraci\u00f3n y aumentar la ventilaci\u00f3n, ayudando a mantener la temperatura corporal y evitando los malos olores.<\/p>\n<p>Presenta un dise\u00f1o liso y b\u00e1sico, f\u00e1cil de combinar con cualquier prenda.<\/p>\n<p>Logotipo Joma y escudo San Marcial bordados.<\/p>\n","protected":false},"excerpt":{"rendered":"<p>Chubasquero San Marcial unisex. Se trata de una chaqueta impermeable c\u00f3moda y pr\u00e1ctica para facilitar los desplazamientos y las actividades deportivas con tiempo fr\u00edo, lluvia o viento. Consigue un aislamiento m\u00e1ximo contra las filtraciones de agua sin renunciar a la transpiraci\u00f3n del sudor. Incluye cierre con cremallera completa y tirador bloqueable, que impide que la cremallera se abra y, por tanto, que entre el agua. La capucha autoguardable se puede esconder en el bolsillo del cuello cerrado con cremallera. Esta capucha es ajustable mediante cordones, de esta manera la protecci\u00f3n contra el viento, el fr\u00edo y la lluvia ser\u00e1 \u00f3ptima<a class=\"read-more\" href=\"https:\/\/cdsanmarcialirun.com\/eu\/producto\/xira-chubasquero-san-marcial\/\">&#8230;<\/a><\/p>\n","protected":false},"featured_media":8969,"template":"","meta":[],"product_cat":[168],"product_tag":[189],"class_list":{"0":"post-8958","1":"product","2":"type-product","3":"status-publish","4":"has-post-thumbnail","6":"product_cat-linea-de-calle-invierno","7":"product_tag-chubasquero-xira","9":"first","10":"instock","11":"shipping-taxable","12":"purchasable","13":"product-type-variable"},"_links":{"self":[{"href":"https:\/\/cdsanmarcialirun.com\/eu\/wp-json\/wp\/v2\/product\/8958","targetHints":{"allow":["GET"]}}],"collection":[{"href":"https:\/\/cdsanmarcialirun.com\/eu\/wp-json\/wp\/v2\/product"}],"about":[{"href":"https:\/\/cdsanmarcialirun.com\/eu\/wp-json\/wp\/v2\/types\/product"}],"wp:featuredmedia":[{"embeddable":true,"href":"https:\/\/cdsanmarcialirun.com\/eu\/wp-json\/wp\/v2\/media\/8969"}],"wp:attachment":[{"href":"https:\/\/cdsanmarcialirun.com\/eu\/wp-json\/wp\/v2\/media?parent=8958"}],"wp:term":[{"taxonomy":"product_cat","embeddable":true,"href":"https:\/\/cdsanmarcialirun.com\/eu\/wp-json\/wp\/v2\/product_cat?post=8958"},{"taxonomy":"product_tag","embeddable":true,"href":"https:\/\/cdsanmarcialirun.com\/eu\/wp-json\/wp\/v2\/product_tag?post=8958"}],"curies":[{"name":"wp","href":"https:\/\/api.w.org\/{rel}","templated":true}]}}