{"id":8987,"date":"2023-12-04T13:02:29","date_gmt":"2023-12-04T12:02:29","guid":{"rendered":"https:\/\/cdsanmarcialirun.com\/?post_type=product&#038;p=8987"},"modified":"2025-12-03T07:21:14","modified_gmt":"2025-12-03T11:51:14","slug":"polo-san-marcial-sm-ii","status":"publish","type":"product","link":"https:\/\/cdsanmarcialirun.com\/eu\/producto\/polo-san-marcial-sm-ii\/","title":{"rendered":"Polo San Marcial &#8220;SM II&#8221;"},"content":{"rendered":"<p>Polo de manga corta para hombre\/ni\u00f1o. Modelo casual.<\/p>\n<p>Este polo de manga corta de corte cl\u00e1sico est\u00e1 pensado para aportar lo mejor en comodidad, durabilidad y libertad de movimientos. Dar\u00e1 un toque elegante a tus looks deportivos, a la vez que podr\u00e1s pon\u00e9rtelo en tus outfits de uso diario.<\/p>\n<p>Est\u00e1 fabricado con tejido piqu\u00e9, un tipo de tejido que dota al polo de un aire cl\u00e1sico y sofisticado. Adem\u00e1s, es de alta resistencia al tiempo y de f\u00e1cil lavado, lo que aumenta la durabilidad de la prenda. Igualmente, el tejido piqu\u00e9 ofrece buena libertad de movimientos al deportista. Para fabricarlo, se ha usado parte de algod\u00f3n, que proporciona suavidad al tacto.<\/p>\n<p>En cuanto al dise\u00f1o, presenta cuello tipo polo en rib con detalles en contraste a color y abertura con botones personalizados. Gracias a esta abertura, el deportista no sentir\u00e1 agobios y podr\u00e1 realizar todos sus movimientos con mayor comodidad. Los mismos detalles lineales se encuentran en las mangas. Tambi\u00e9n cuenta con peque\u00f1as aberturas laterales en el bajo.<\/p>\n<p>Logotipo Joma y escudo San Marcial bordados.<\/p>\n","protected":false},"excerpt":{"rendered":"<p>Polo de manga corta para hombre\/ni\u00f1o. Modelo casual. Este polo de manga corta de corte cl\u00e1sico est\u00e1 pensado para aportar lo mejor en comodidad, durabilidad y libertad de movimientos. Dar\u00e1 un toque elegante a tus looks deportivos, a la vez que podr\u00e1s pon\u00e9rtelo en tus outfits de uso diario. Est\u00e1 fabricado con tejido piqu\u00e9, un tipo de tejido que dota al polo de un aire cl\u00e1sico y sofisticado. Adem\u00e1s, es de alta resistencia al tiempo y de f\u00e1cil lavado, lo que aumenta la durabilidad de la prenda. Igualmente, el tejido piqu\u00e9 ofrece buena libertad de movimientos al deportista. Para fabricarlo,<a class=\"read-more\" href=\"https:\/\/cdsanmarcialirun.com\/eu\/producto\/polo-san-marcial-sm-ii\/\">&#8230;<\/a><\/p>\n","protected":false},"featured_media":8772,"template":"","meta":[],"product_cat":[169],"product_tag":[186],"class_list":{"0":"post-8987","1":"product","2":"type-product","3":"status-publish","4":"has-post-thumbnail","6":"product_cat-linea-de-calle-verano","7":"product_tag-polo","9":"first","10":"instock","11":"shipping-taxable","12":"purchasable","13":"product-type-variable"},"_links":{"self":[{"href":"https:\/\/cdsanmarcialirun.com\/eu\/wp-json\/wp\/v2\/product\/8987","targetHints":{"allow":["GET"]}}],"collection":[{"href":"https:\/\/cdsanmarcialirun.com\/eu\/wp-json\/wp\/v2\/product"}],"about":[{"href":"https:\/\/cdsanmarcialirun.com\/eu\/wp-json\/wp\/v2\/types\/product"}],"wp:featuredmedia":[{"embeddable":true,"href":"https:\/\/cdsanmarcialirun.com\/eu\/wp-json\/wp\/v2\/media\/8772"}],"wp:attachment":[{"href":"https:\/\/cdsanmarcialirun.com\/eu\/wp-json\/wp\/v2\/media?parent=8987"}],"wp:term":[{"taxonomy":"product_cat","embeddable":true,"href":"https:\/\/cdsanmarcialirun.com\/eu\/wp-json\/wp\/v2\/product_cat?post=8987"},{"taxonomy":"product_tag","embeddable":true,"href":"https:\/\/cdsanmarcialirun.com\/eu\/wp-json\/wp\/v2\/product_tag?post=8987"}],"curies":[{"name":"wp","href":"https:\/\/api.w.org\/{rel}","templated":true}]}}