{"id":9825,"date":"2024-10-07T10:17:01","date_gmt":"2024-10-07T14:47:01","guid":{"rendered":"https:\/\/cdsanmarcialirun.com\/?post_type=product&#038;p=9825"},"modified":"2024-10-08T03:24:02","modified_gmt":"2024-10-08T07:54:02","slug":"sudadera-oficial-de-entrenamiento-san-marcial","status":"publish","type":"product","link":"https:\/\/cdsanmarcialirun.com\/eu\/producto\/sudadera-oficial-de-entrenamiento-san-marcial\/","title":{"rendered":"Sudadera Oficial de Entrenamiento San Marcial"},"content":{"rendered":"<p>Sudadera de cuello redondo con el\u00e1stico en pu\u00f1os y cintura. Tejido mate de poli\u00e9ster.<\/p>\n","protected":false},"excerpt":{"rendered":"<p>Sudadera de cuello redondo con el\u00e1stico en pu\u00f1os y cintura. Tejido mate de poli\u00e9ster.<\/p>\n","protected":false},"featured_media":9838,"template":"","meta":[],"product_cat":[171,168],"product_tag":[184],"class_list":{"0":"post-9825","1":"product","2":"type-product","3":"status-publish","4":"has-post-thumbnail","6":"product_cat-entrenamiento","7":"product_cat-linea-de-calle-invierno","8":"product_tag-sudadera","10":"first","11":"instock","12":"shipping-taxable","13":"purchasable","14":"product-type-variable","15":"has-default-attributes"},"_links":{"self":[{"href":"https:\/\/cdsanmarcialirun.com\/eu\/wp-json\/wp\/v2\/product\/9825","targetHints":{"allow":["GET"]}}],"collection":[{"href":"https:\/\/cdsanmarcialirun.com\/eu\/wp-json\/wp\/v2\/product"}],"about":[{"href":"https:\/\/cdsanmarcialirun.com\/eu\/wp-json\/wp\/v2\/types\/product"}],"wp:featuredmedia":[{"embeddable":true,"href":"https:\/\/cdsanmarcialirun.com\/eu\/wp-json\/wp\/v2\/media\/9838"}],"wp:attachment":[{"href":"https:\/\/cdsanmarcialirun.com\/eu\/wp-json\/wp\/v2\/media?parent=9825"}],"wp:term":[{"taxonomy":"product_cat","embeddable":true,"href":"https:\/\/cdsanmarcialirun.com\/eu\/wp-json\/wp\/v2\/product_cat?post=9825"},{"taxonomy":"product_tag","embeddable":true,"href":"https:\/\/cdsanmarcialirun.com\/eu\/wp-json\/wp\/v2\/product_tag?post=9825"}],"curies":[{"name":"wp","href":"https:\/\/api.w.org\/{rel}","templated":true}]}}