{"id":9987,"date":"2024-11-29T13:57:31","date_gmt":"2024-11-29T18:27:31","guid":{"rendered":"https:\/\/cdsanmarcialirun.com\/?post_type=product&#038;p=9987"},"modified":"2026-03-10T15:59:05","modified_gmt":"2026-03-10T20:29:05","slug":"pantalon-negro-joma","status":"publish","type":"product","link":"https:\/\/cdsanmarcialirun.com\/eu\/producto\/pantalon-negro-joma\/","title":{"rendered":"Pantal\u00f3n Negro Joma"},"content":{"rendered":"<p>Pantal\u00f3n largo de hombre\/ni\u00f1o v\u00e1lido para todo tipo de deporte.<\/p>\n<p>Est\u00e1n fabricados con tejido que se adapta y que es duradero<\/p>\n<p>Su corte ancho eleva la comodidad.<\/p>\n<p>Perfectos para usarse en el d\u00eda a d\u00eda.<\/p>\n","protected":false},"excerpt":{"rendered":"<p>Pantal\u00f3n largo de hombre\/ni\u00f1o v\u00e1lido para todo tipo de deporte. Est\u00e1n fabricados con tejido que se adapta y que es duradero Su corte ancho eleva la comodidad. Perfectos para usarse en el d\u00eda a d\u00eda.<\/p>\n","protected":false},"featured_media":9996,"template":"","meta":[],"product_cat":[168],"product_tag":[182],"class_list":{"0":"post-9987","1":"product","2":"type-product","3":"status-publish","4":"has-post-thumbnail","6":"product_cat-linea-de-calle-invierno","7":"product_tag-pantalon-largo","9":"first","10":"instock","11":"shipping-taxable","12":"purchasable","13":"product-type-variable"},"_links":{"self":[{"href":"https:\/\/cdsanmarcialirun.com\/eu\/wp-json\/wp\/v2\/product\/9987","targetHints":{"allow":["GET"]}}],"collection":[{"href":"https:\/\/cdsanmarcialirun.com\/eu\/wp-json\/wp\/v2\/product"}],"about":[{"href":"https:\/\/cdsanmarcialirun.com\/eu\/wp-json\/wp\/v2\/types\/product"}],"wp:featuredmedia":[{"embeddable":true,"href":"https:\/\/cdsanmarcialirun.com\/eu\/wp-json\/wp\/v2\/media\/9996"}],"wp:attachment":[{"href":"https:\/\/cdsanmarcialirun.com\/eu\/wp-json\/wp\/v2\/media?parent=9987"}],"wp:term":[{"taxonomy":"product_cat","embeddable":true,"href":"https:\/\/cdsanmarcialirun.com\/eu\/wp-json\/wp\/v2\/product_cat?post=9987"},{"taxonomy":"product_tag","embeddable":true,"href":"https:\/\/cdsanmarcialirun.com\/eu\/wp-json\/wp\/v2\/product_tag?post=9987"}],"curies":[{"name":"wp","href":"https:\/\/api.w.org\/{rel}","templated":true}]}}